{"id":236,"date":"2024-06-11T08:01:54","date_gmt":"2024-06-11T06:01:54","guid":{"rendered":"https:\/\/xrechnung.ai\/?page_id=236"},"modified":"2025-03-13T08:45:41","modified_gmt":"2025-03-13T07:45:41","slug":"ueberuns","status":"publish","type":"page","link":"https:\/\/factuura.com\/de\/ueberuns\/","title":{"rendered":"\u00dcber uns"},"content":{"rendered":"\t\t<div data-elementor-type=\"wp-page\" data-elementor-id=\"236\" class=\"elementor elementor-236\" data-elementor-post-type=\"page\">\n\t\t\t\t<div data-dce-background-image-url=\"http:\/\/factuura.com\/wp-content\/uploads\/2024\/06\/background-faqs.55d2e36a-scaled.jpg\" class=\"elementor-element elementor-element-a52aebc e-flex e-con-boxed e-con e-parent\" data-id=\"a52aebc\" data-element_type=\"container\" data-settings=\"{&quot;background_background&quot;:&quot;classic&quot;}\">\n\t\t\t\t\t<div class=\"e-con-inner\">\n\t\t<div class=\"elementor-element elementor-element-05377c5 e-flex e-con-boxed e-con e-child\" data-id=\"05377c5\" data-element_type=\"container\">\n\t\t\t\t\t<div class=\"e-con-inner\">\n\t\t\t\t<div class=\"elementor-element elementor-element-b949d63 elementor-widget elementor-widget-heading\" data-id=\"b949d63\" data-element_type=\"widget\" data-widget_type=\"heading.default\">\n\t\t\t\t<div class=\"elementor-widget-container\">\n\t\t\t\t\t<h2 class=\"elementor-heading-title elementor-size-default\">Sobre <span class=\"highlite\">faktoora<\/span>\n\n\n\n\n\n<\/h2>\t\t\t\t<\/div>\n\t\t\t\t<\/div>\n\t\t\t\t<div class=\"elementor-element elementor-element-68eb082 elementor-widget elementor-widget-text-editor\" data-id=\"68eb082\" data-element_type=\"widget\" data-widget_type=\"text-editor.default\">\n\t\t\t\t<div class=\"elementor-widget-container\">\n\t\t\t\t\t\t\t\t\t<p data-start=\"0\" data-end=\"360\">Como pionero en el \u00e1mbito de las facturas electr\u00f3nicas desde 2016, <strong data-start=\"67\" data-end=\"79\">faktoora<\/strong> ofrece soluciones integrales para empresas de todos los tama\u00f1os. Nuestra sede principal se encuentra en Neu-Ulm, y estamos orgullosos de proporcionar a peque\u00f1as y medianas empresas un software de facturaci\u00f3n en la nube, f\u00e1cil de usar, con m\u00faltiples funciones y a precios justos.<\/p><p data-start=\"362\" data-end=\"641\">Con nuestra plataforma <strong data-start=\"385\" data-end=\"397\">faktoora<\/strong>, ya hemos apoyado a m\u00e1s de <strong data-start=\"425\" data-end=\"453\">500 clientes satisfechos<\/strong>, facturando un volumen total superior a <strong data-start=\"494\" data-end=\"521\">1.000 millones de euros<\/strong>. Nuestras soluciones garantizan una gesti\u00f3n eficiente y conforme a la normativa de todos los procesos de facturaci\u00f3n.<\/p><p data-start=\"643\" data-end=\"970\">Ahora hemos ampliado nuestra oferta para proveedores y desarrolladores de ERP: proporcionamos una <strong data-start=\"741\" data-end=\"756\">API potente<\/strong>, que permite una integraci\u00f3n fluida para enviar y recibir facturas electr\u00f3nicas de manera sencilla. Esta soluci\u00f3n API facilita la automatizaci\u00f3n y optimiza el proceso de facturaci\u00f3n, ahorrando tiempo y recursos.<\/p><p data-start=\"972\" data-end=\"1285\" data-is-last-node=\"\" data-is-only-node=\"\">En <strong data-start=\"975\" data-end=\"987\">faktoora<\/strong>, estamos orgullosos de combinar innovaci\u00f3n y confiabilidad para ofrecer a nuestros clientes el mejor soporte en la gesti\u00f3n de facturas. Ya sea utilizando nuestra plataforma o integrando nuestra API en su sistema ERP, <strong data-start=\"1205\" data-end=\"1284\">faktoora es su socio de confianza en el \u00e1mbito de las facturas electr\u00f3nicas<\/strong>.<\/p>\t\t\t\t\t\t\t\t<\/div>\n\t\t\t\t<\/div>\n\t\t<div class=\"elementor-element elementor-element-44d7169 e-flex e-con-boxed e-con e-child\" data-id=\"44d7169\" data-element_type=\"container\">\n\t\t\t\t\t<div class=\"e-con-inner\">\n\t\t\t\t<div class=\"elementor-element elementor-element-78fb6b5 elementor-widget elementor-widget-text-editor\" data-id=\"78fb6b5\" data-element_type=\"widget\" data-widget_type=\"text-editor.default\">\n\t\t\t\t<div class=\"elementor-widget-container\">\n\t\t\t\t\t\t\t\t\t<h5 class=\"text-heading-large inline v-align-middle break-words\">Dr. Peter Schenkel<\/h5><div class=\"flex max-w-full flex-col flex-grow\"><div class=\"min-h-8 text-message relative flex w-full flex-col items-end gap-2 whitespace-normal break-words text-start [.text-message+&amp;]:mt-5\" dir=\"auto\" data-message-author-role=\"assistant\" data-message-id=\"9b2ea9f9-c1d2-47a6-8493-fc7bec0e1107\" data-message-model-slug=\"gpt-4o\"><div class=\"flex w-full flex-col gap-1 empty:hidden first:pt-[3px]\"><div class=\"markdown prose w-full break-words dark:prose-invert light\"><p data-start=\"26\" data-end=\"161\" data-is-last-node=\"\" data-is-only-node=\"\">Director General<br data-start=\"42\" data-end=\"45\" \/>Tel\u00e9fono: +49 621 490 785 91<br data-start=\"73\" data-end=\"76\" \/>Correo electr\u00f3nico: <a href=\"mailto:peter.schenkel@faktoora.com\" rel=\"noopener\" data-start=\"96\" data-end=\"161\" data-is-last-node=\"\">peter.schenkel@faktoora.com<\/a><\/p><\/div><\/div><\/div><\/div>\t\t\t\t\t\t\t\t<\/div>\n\t\t\t\t<\/div>\n\t\t\t\t\t<\/div>\n\t\t\t\t<\/div>\n\t\t\t\t\t<\/div>\n\t\t\t\t<\/div>\n\t\t<div class=\"elementor-element elementor-element-cb8cc7e e-flex e-con-boxed e-con e-child\" data-id=\"cb8cc7e\" data-element_type=\"container\">\n\t\t\t\t\t<div class=\"e-con-inner\">\n\t\t<div class=\"elementor-element elementor-element-b49920f e-grid e-con-boxed e-con e-child\" data-id=\"b49920f\" data-element_type=\"container\">\n\t\t\t\t\t<div class=\"e-con-inner\">\n\t\t<div class=\"elementor-element elementor-element-9612fc8 e-flex e-con-boxed e-con e-child\" data-id=\"9612fc8\" data-element_type=\"container\">\n\t\t\t\t\t<div class=\"e-con-inner\">\n\t\t<div class=\"elementor-element elementor-element-c525f83 e-con-full e-flex e-con e-child\" data-id=\"c525f83\" data-element_type=\"container\">\n\t\t\t\t<\/div>\n\t\t\t\t\t<\/div>\n\t\t\t\t<\/div>\n\t\t<div class=\"elementor-element elementor-element-af19678 e-flex e-con-boxed e-con e-child\" data-id=\"af19678\" data-element_type=\"container\">\n\t\t\t\t\t<div class=\"e-con-inner\">\n\t\t\t\t<div class=\"elementor-element elementor-element-0a07b6b dce_masking-none elementor-widget elementor-widget-image\" data-id=\"0a07b6b\" data-element_type=\"widget\" data-widget_type=\"image.default\">\n\t\t\t\t<div class=\"elementor-widget-container\">\n\t\t\t\t\t\t\t\t\t\t\t\t\t\t\t<img decoding=\"async\" width=\"200\" height=\"66\" src=\"https:\/\/factuura.com\/wp-content\/uploads\/2024\/07\/startups.webp\" class=\"attachment-large size-large wp-image-895\" alt=\"\" \/>\t\t\t\t\t\t\t\t\t\t\t\t\t\t\t<\/div>\n\t\t\t\t<\/div>\n\t\t\t\t\t<\/div>\n\t\t\t\t<\/div>\n\t\t<div class=\"elementor-element elementor-element-ff0f0eb e-flex e-con-boxed e-con e-child\" data-id=\"ff0f0eb\" data-element_type=\"container\">\n\t\t\t\t\t<div class=\"e-con-inner\">\n\t\t\t\t<div class=\"elementor-element elementor-element-41ea936 dce_masking-none elementor-widget elementor-widget-image\" data-id=\"41ea936\" data-element_type=\"widget\" data-widget_type=\"image.default\">\n\t\t\t\t<div class=\"elementor-widget-container\">\n\t\t\t\t\t\t\t\t\t\t\t\t\t\t\t<img decoding=\"async\" width=\"185\" height=\"160\" src=\"https:\/\/factuura.com\/wp-content\/uploads\/2024\/07\/Forschung_und_Entwicklung_2022_web-pp86us2rtgk9w3t80bpxvimv86e8vbxh7d1w6k8w00-1.webp\" class=\"attachment-large size-large wp-image-896\" alt=\"\" \/>\t\t\t\t\t\t\t\t\t\t\t\t\t\t\t<\/div>\n\t\t\t\t<\/div>\n\t\t\t\t\t<\/div>\n\t\t\t\t<\/div>\n\t\t<div class=\"elementor-element elementor-element-550ba3d e-flex e-con-boxed e-con e-child\" data-id=\"550ba3d\" data-element_type=\"container\">\n\t\t\t\t\t<div class=\"e-con-inner\">\n\t\t\t\t<div class=\"elementor-element elementor-element-657348e dce_masking-none elementor-widget elementor-widget-image\" data-id=\"657348e\" data-element_type=\"widget\" data-widget_type=\"image.default\">\n\t\t\t\t<div class=\"elementor-widget-container\">\n\t\t\t\t\t\t\t\t\t\t\t\t\t\t\t<img decoding=\"async\" width=\"115\" height=\"93\" src=\"https:\/\/factuura.com\/wp-content\/uploads\/2024\/07\/bitmi.webp\" class=\"attachment-large size-large wp-image-897\" alt=\"\" \/>\t\t\t\t\t\t\t\t\t\t\t\t\t\t\t<\/div>\n\t\t\t\t<\/div>\n\t\t\t\t\t<\/div>\n\t\t\t\t<\/div>\n\t\t\t\t\t<\/div>\n\t\t\t\t<\/div>\n\t\t\t\t\t<\/div>\n\t\t\t\t<\/div>\n\t\t\t\t\t<\/div>\n\t\t\t\t<\/div>\n\t\t\t\t<\/div>\n\t\t","protected":false},"excerpt":{"rendered":"<p>Sobre faktoora Como pionero en el \u00e1mbito de las facturas electr\u00f3nicas desde 2016, faktoora ofrece soluciones integrales para empresas de todos los tama\u00f1os. Nuestra sede principal se encuentra en Neu-Ulm, y estamos orgullosos de proporcionar a peque\u00f1as y medianas empresas un software de facturaci\u00f3n en la nube, f\u00e1cil de usar, con m\u00faltiples funciones y a [&hellip;]<\/p>\n","protected":false},"author":4,"featured_media":0,"parent":0,"menu_order":0,"comment_status":"closed","ping_status":"closed","template":"","meta":{"_acf_changed":false,"footnotes":""},"class_list":["post-236","page","type-page","status-publish","hentry"],"acf":[],"_links":{"self":[{"href":"https:\/\/factuura.com\/de\/wp-json\/wp\/v2\/pages\/236","targetHints":{"allow":["GET"]}}],"collection":[{"href":"https:\/\/factuura.com\/de\/wp-json\/wp\/v2\/pages"}],"about":[{"href":"https:\/\/factuura.com\/de\/wp-json\/wp\/v2\/types\/page"}],"author":[{"embeddable":true,"href":"https:\/\/factuura.com\/de\/wp-json\/wp\/v2\/users\/4"}],"replies":[{"embeddable":true,"href":"https:\/\/factuura.com\/de\/wp-json\/wp\/v2\/comments?post=236"}],"version-history":[{"count":61,"href":"https:\/\/factuura.com\/de\/wp-json\/wp\/v2\/pages\/236\/revisions"}],"predecessor-version":[{"id":1047,"href":"https:\/\/factuura.com\/de\/wp-json\/wp\/v2\/pages\/236\/revisions\/1047"}],"wp:attachment":[{"href":"https:\/\/factuura.com\/de\/wp-json\/wp\/v2\/media?parent=236"}],"curies":[{"name":"wp","href":"https:\/\/api.w.org\/{rel}","templated":true}]}}