{"id":275,"date":"2024-06-11T08:29:15","date_gmt":"2024-06-11T06:29:15","guid":{"rendered":"https:\/\/xrechnung.ai\/?page_id=275"},"modified":"2024-07-02T13:36:44","modified_gmt":"2024-07-02T11:36:44","slug":"nachhaltigkeit","status":"publish","type":"page","link":"https:\/\/factuura.com\/de\/nachhaltigkeit\/","title":{"rendered":"Nachhaltigkeit"},"content":{"rendered":"\t\t<div data-elementor-type=\"wp-page\" data-elementor-id=\"275\" class=\"elementor elementor-275\" data-elementor-post-type=\"page\">\n\t\t\t\t<div data-dce-background-image-url=\"http:\/\/factuura.com\/wp-content\/uploads\/2024\/06\/background-features.5f7a9ac9-scaled.jpg\" class=\"elementor-element elementor-element-85429ed e-con-full e-flex e-con e-parent\" data-id=\"85429ed\" data-element_type=\"container\" data-settings=\"{&quot;background_background&quot;:&quot;classic&quot;}\">\n\t\t<div class=\"elementor-element elementor-element-efe3f98 e-flex e-con-boxed e-con e-child\" data-id=\"efe3f98\" data-element_type=\"container\">\n\t\t\t\t\t<div class=\"e-con-inner\">\n\t\t\t\t<div class=\"elementor-element elementor-element-12c672f elementor-widget elementor-widget-heading\" data-id=\"12c672f\" data-element_type=\"widget\" data-widget_type=\"heading.default\">\n\t\t\t\t<div class=\"elementor-widget-container\">\n\t\t\t\t\t<h2 class=\"elementor-heading-title elementor-size-default\">Unser Beitrag zur Nachhaltigkeit<\/h2>\t\t\t\t<\/div>\n\t\t\t\t<\/div>\n\t\t<div class=\"elementor-element elementor-element-05a0c3f e-flex e-con-boxed e-con e-child\" data-id=\"05a0c3f\" data-element_type=\"container\">\n\t\t\t\t\t<div class=\"e-con-inner\">\n\t\t\t\t<div class=\"elementor-element elementor-element-65e998e elementor-widget elementor-widget-text-editor\" data-id=\"65e998e\" data-element_type=\"widget\" data-widget_type=\"text-editor.default\">\n\t\t\t\t<div class=\"elementor-widget-container\">\n\t\t\t\t\t\t\t\t\t<p class=\"p1\">Unser Engagement f\u00fcr eine gr\u00fcnere Zukunft durch umweltfreundliche Technologien und nachhaltige Gesch\u00e4ftspraktiken<\/p>\t\t\t\t\t\t\t\t<\/div>\n\t\t\t\t<\/div>\n\t\t\t\t\t<\/div>\n\t\t\t\t<\/div>\n\t\t\t\t\t<\/div>\n\t\t\t\t<\/div>\n\t\t<div class=\"elementor-element elementor-element-6722c60 e-flex e-con-boxed e-con e-child\" data-id=\"6722c60\" data-element_type=\"container\">\n\t\t\t\t\t<div class=\"e-con-inner\">\n\t\t<div class=\"elementor-element elementor-element-e4cc6dc e-con-full e-flex e-con e-child\" data-id=\"e4cc6dc\" data-element_type=\"container\">\n\t\t<div class=\"elementor-element elementor-element-74d3bbe e-grid e-con-full e-con e-child\" data-id=\"74d3bbe\" data-element_type=\"container\">\n\t\t<div class=\"elementor-element elementor-element-fbfb46d card e-flex e-con-boxed e-con e-child\" data-id=\"fbfb46d\" data-element_type=\"container\">\n\t\t\t\t\t<div class=\"e-con-inner\">\n\t\t\t\t<div class=\"elementor-element elementor-element-4b1cbf8 elementor-widget elementor-widget-heading\" data-id=\"4b1cbf8\" data-element_type=\"widget\" data-widget_type=\"heading.default\">\n\t\t\t\t<div class=\"elementor-widget-container\">\n\t\t\t\t\t<h5 class=\"elementor-heading-title elementor-size-default\">Server<\/h5>\t\t\t\t<\/div>\n\t\t\t\t<\/div>\n\t\t\t\t<div class=\"elementor-element elementor-element-ffe4649 elementor-widget elementor-widget-text-editor\" data-id=\"ffe4649\" data-element_type=\"widget\" data-widget_type=\"text-editor.default\">\n\t\t\t\t<div class=\"elementor-widget-container\">\n\t\t\t\t\t\t\t\t\t<div class=\"flex flex-grow flex-col max-w-full\"><div class=\"min-h-[20px] text-message flex flex-col items-start whitespace-pre-wrap break-words [.text-message+&amp;]:mt-5 juice:w-full juice:items-end overflow-x-auto gap-2\" dir=\"auto\" data-message-author-role=\"assistant\" data-message-id=\"84606b92-40c4-4a40-addd-b96fa43d25bb\"><div class=\"flex w-full flex-col gap-1 juice:empty:hidden juice:first:pt-[3px]\"><div class=\"markdown prose w-full break-words dark:prose-invert light\"><p>Unsere Server stehen im deutschen Rechenzentrumspark bei Hetzner. Die Server werden mit Wasserkraft betrieben.<\/p><\/div><\/div><\/div><\/div>\t\t\t\t\t\t\t\t<\/div>\n\t\t\t\t<\/div>\n\t\t\t\t\t<\/div>\n\t\t\t\t<\/div>\n\t\t<div class=\"elementor-element elementor-element-b0d1180 card e-flex e-con-boxed e-con e-child\" data-id=\"b0d1180\" data-element_type=\"container\">\n\t\t\t\t\t<div class=\"e-con-inner\">\n\t\t\t\t<div class=\"elementor-element elementor-element-38e16ce elementor-widget elementor-widget-heading\" data-id=\"38e16ce\" data-element_type=\"widget\" data-widget_type=\"heading.default\">\n\t\t\t\t<div class=\"elementor-widget-container\">\n\t\t\t\t\t<h5 class=\"elementor-heading-title elementor-size-default\">Reduktion des CO\u2082-Fu\u00dfabdrucks<\/h5>\t\t\t\t<\/div>\n\t\t\t\t<\/div>\n\t\t\t\t<div class=\"elementor-element elementor-element-4c38cf8 elementor-widget elementor-widget-text-editor\" data-id=\"4c38cf8\" data-element_type=\"widget\" data-widget_type=\"text-editor.default\">\n\t\t\t\t<div class=\"elementor-widget-container\">\n\t\t\t\t\t\t\t\t\t<p>Durch die Digitalisierung von Rechnungsprozessen verringern wir den Bedarf an physischen Transportwegen und senken so den CO\u2082-Aussto\u00df.<\/p>\t\t\t\t\t\t\t\t<\/div>\n\t\t\t\t<\/div>\n\t\t\t\t\t<\/div>\n\t\t\t\t<\/div>\n\t\t<div class=\"elementor-element elementor-element-54570e4 card e-flex e-con-boxed e-con e-child\" data-id=\"54570e4\" data-element_type=\"container\">\n\t\t\t\t\t<div class=\"e-con-inner\">\n\t\t\t\t<div class=\"elementor-element elementor-element-662b7ef elementor-widget elementor-widget-heading\" data-id=\"662b7ef\" data-element_type=\"widget\" data-widget_type=\"heading.default\">\n\t\t\t\t<div class=\"elementor-widget-container\">\n\t\t\t\t\t<h5 class=\"elementor-heading-title elementor-size-default\">Nachhaltige Unternehmenspraxis<\/h5>\t\t\t\t<\/div>\n\t\t\t\t<\/div>\n\t\t\t\t<div class=\"elementor-element elementor-element-72e2c48 elementor-widget elementor-widget-text-editor\" data-id=\"72e2c48\" data-element_type=\"widget\" data-widget_type=\"text-editor.default\">\n\t\t\t\t<div class=\"elementor-widget-container\">\n\t\t\t\t\t\t\t\t\t<p class=\"p1\">Wir setzen auf nachhaltige Gesch\u00e4ftspraktiken und tragen aktiv zur Schonung der Umwelt bei.<\/p>\t\t\t\t\t\t\t\t<\/div>\n\t\t\t\t<\/div>\n\t\t\t\t\t<\/div>\n\t\t\t\t<\/div>\n\t\t\t\t<\/div>\n\t\t\t\t<\/div>\n\t\t<div class=\"elementor-element elementor-element-6ea0998 card-new e-flex e-con-boxed e-con e-child\" data-id=\"6ea0998\" data-element_type=\"container\">\n\t\t\t\t\t<div class=\"e-con-inner\">\n\t\t\t\t<div class=\"elementor-element elementor-element-b80e8f8 dce_masking-none elementor-widget elementor-widget-image\" data-id=\"b80e8f8\" data-element_type=\"widget\" data-widget_type=\"image.default\">\n\t\t\t\t<div class=\"elementor-widget-container\">\n\t\t\t\t\t\t\t\t\t\t\t\t\t\t\t<img fetchpriority=\"high\" decoding=\"async\" width=\"400\" height=\"409\" src=\"https:\/\/factuura.com\/wp-content\/uploads\/2024\/06\/Sustainability-Green-Energy.svg\" class=\"attachment-large size-large wp-image-461\" alt=\"\" \/>\t\t\t\t\t\t\t\t\t\t\t\t\t\t\t<\/div>\n\t\t\t\t<\/div>\n\t\t\t\t\t<\/div>\n\t\t\t\t<\/div>\n\t\t\t\t\t<\/div>\n\t\t\t\t<\/div>\n\t\t\t\t<\/div>\n\t\t\t\t<\/div>\n\t\t","protected":false},"excerpt":{"rendered":"<p>Unser Beitrag zur Nachhaltigkeit Unser Engagement f\u00fcr eine gr\u00fcnere Zukunft durch umweltfreundliche Technologien und nachhaltige Gesch\u00e4ftspraktiken Server Unsere Server stehen im deutschen Rechenzentrumspark bei Hetzner. Die Server werden mit Wasserkraft betrieben. Reduktion des CO\u2082-Fu\u00dfabdrucks Durch die Digitalisierung von Rechnungsprozessen verringern wir den Bedarf an physischen Transportwegen und senken so den CO\u2082-Aussto\u00df. Nachhaltige Unternehmenspraxis Wir setzen [&hellip;]<\/p>\n","protected":false},"author":4,"featured_media":0,"parent":0,"menu_order":0,"comment_status":"closed","ping_status":"closed","template":"","meta":{"_acf_changed":false,"footnotes":""},"class_list":["post-275","page","type-page","status-publish","hentry"],"acf":[],"_links":{"self":[{"href":"https:\/\/factuura.com\/de\/wp-json\/wp\/v2\/pages\/275","targetHints":{"allow":["GET"]}}],"collection":[{"href":"https:\/\/factuura.com\/de\/wp-json\/wp\/v2\/pages"}],"about":[{"href":"https:\/\/factuura.com\/de\/wp-json\/wp\/v2\/types\/page"}],"author":[{"embeddable":true,"href":"https:\/\/factuura.com\/de\/wp-json\/wp\/v2\/users\/4"}],"replies":[{"embeddable":true,"href":"https:\/\/factuura.com\/de\/wp-json\/wp\/v2\/comments?post=275"}],"version-history":[{"count":40,"href":"https:\/\/factuura.com\/de\/wp-json\/wp\/v2\/pages\/275\/revisions"}],"predecessor-version":[{"id":966,"href":"https:\/\/factuura.com\/de\/wp-json\/wp\/v2\/pages\/275\/revisions\/966"}],"wp:attachment":[{"href":"https:\/\/factuura.com\/de\/wp-json\/wp\/v2\/media?parent=275"}],"curies":[{"name":"wp","href":"https:\/\/api.w.org\/{rel}","templated":true}]}}